{"id":19417,"date":"2022-03-21T15:17:51","date_gmt":"2022-03-21T09:47:51","guid":{"rendered":"https:\/\/reo.online\/a\/?page_id=19417"},"modified":"2025-10-08T14:12:34","modified_gmt":"2025-10-08T08:42:34","slug":"sign-up","status":"publish","type":"page","link":"https:\/\/reo.online\/a\/sign-up\/","title":{"rendered":"Sign up"},"content":{"rendered":"\t\t<div data-elementor-type=\"wp-page\" data-elementor-id=\"19417\" class=\"elementor elementor-19417\">\n\t\t\t\t\t\t<div class=\"elementor-inner\">\n\t\t\t\t<div class=\"elementor-section-wrap\">\n\t\t\t\t\t\t\t\t\t<section class=\"elementor-section elementor-top-section elementor-element elementor-element-afa5e94 elementor-section-full_width elementor-section-height-min-height elementor-section-items-stretch elementor-section-content-middle elementor-section-height-default\" data-id=\"afa5e94\" data-element_type=\"section\">\n\t\t\t\t\t\t<div class=\"elementor-container elementor-column-gap-default\">\n\t\t\t\t\t\t\t<div class=\"elementor-row\">\n\t\t\t\t\t<div class=\"elementor-column elementor-col-50 elementor-top-column elementor-element elementor-element-f1f8091\" data-id=\"f1f8091\" data-element_type=\"column\" data-settings=\"{&quot;background_background&quot;:&quot;gradient&quot;}\">\n\t\t\t<div class=\"elementor-column-wrap elementor-element-populated\">\n\t\t\t\t\t<div class=\"elementor-background-overlay\"><\/div>\n\t\t\t\t\t\t\t<div class=\"elementor-widget-wrap\">\n\t\t\t\t\t\t<div class=\"elementor-element elementor-element-ca01a12 elementor-widget elementor-widget-image\" data-id=\"ca01a12\" data-element_type=\"widget\" data-widget_type=\"image.default\">\n\t\t\t\t<div class=\"elementor-widget-container\">\n\t\t\t\t\t\t\t\t<div class=\"elementor-image\">\n\t\t\t\t\t\t\t\t\t\t\t\t<img decoding=\"async\" width=\"350\" height=\"60\" src=\"https:\/\/reo.online\/a\/wp-content\/uploads\/2023\/06\/ReoSlashTraining-smallwhite-1.png\" class=\"attachment-large size-large wp-image-30521\" alt=\"\" srcset=\"https:\/\/reo.online\/a\/wp-content\/uploads\/2023\/06\/ReoSlashTraining-smallwhite-1.png 350w, https:\/\/reo.online\/a\/wp-content\/uploads\/2023\/06\/ReoSlashTraining-smallwhite-1-300x51.png 300w\" sizes=\"(max-width: 350px) 100vw, 350px\" \/>\t\t\t\t\t\t\t\t\t\t\t\t\t\t<\/div>\n\t\t\t\t\t\t<\/div>\n\t\t\t\t<\/div>\n\t\t\t\t<div class=\"elementor-element elementor-element-63deaab elementor-widget elementor-widget-image\" data-id=\"63deaab\" data-element_type=\"widget\" data-widget_type=\"image.default\">\n\t\t\t\t<div class=\"elementor-widget-container\">\n\t\t\t\t\t\t\t\t<div class=\"elementor-image\">\n\t\t\t\t\t\t\t\t\t\t\t\t<img decoding=\"async\" width=\"64\" height=\"64\" src=\"https:\/\/reo.online\/a\/wp-content\/uploads\/2023\/06\/FBN-Duotone-Multipurpose-Business-Icon-Set-8.svg\" class=\"attachment-large size-large wp-image-29075\" alt=\"\" \/>\t\t\t\t\t\t\t\t\t\t\t\t\t\t<\/div>\n\t\t\t\t\t\t<\/div>\n\t\t\t\t<\/div>\n\t\t\t\t<div class=\"elementor-element elementor-element-d0f6a0f elementor-widget elementor-widget-heading\" data-id=\"d0f6a0f\" data-element_type=\"widget\" data-widget_type=\"heading.default\">\n\t\t\t\t<div class=\"elementor-widget-container\">\n\t\t\t<h2 class=\"elementor-heading-title elementor-size-default\">Let's get you started<\/h2>\t\t<\/div>\n\t\t\t\t<\/div>\n\t\t\t\t<div class=\"elementor-element elementor-element-60ee9fa elementor-widget elementor-widget-heading\" data-id=\"60ee9fa\" data-element_type=\"widget\" data-widget_type=\"heading.default\">\n\t\t\t\t<div class=\"elementor-widget-container\">\n\t\t\t<h2 class=\"elementor-heading-title elementor-size-default\"><p style=\"font-size: 22px; line-height: 1.2;\">Access world-class solar training anytime and from any city in the world.\u200b<\/p><\/h2>\t\t<\/div>\n\t\t\t\t<\/div>\n\t\t\t\t\t\t<\/div>\n\t\t\t\t\t<\/div>\n\t\t<\/div>\n\t\t\t\t<div class=\"elementor-column elementor-col-50 elementor-top-column elementor-element elementor-element-3c7b171\" data-id=\"3c7b171\" data-element_type=\"column\" data-settings=\"{&quot;background_background&quot;:&quot;classic&quot;}\">\n\t\t\t<div class=\"elementor-column-wrap elementor-element-populated\">\n\t\t\t\t\t<div class=\"elementor-background-overlay\"><\/div>\n\t\t\t\t\t\t\t<div class=\"elementor-widget-wrap\">\n\t\t\t\t\t\t<section class=\"elementor-section elementor-inner-section elementor-element elementor-element-0ec8c6a elementor-section-boxed elementor-section-height-default elementor-section-height-default\" data-id=\"0ec8c6a\" data-element_type=\"section\">\n\t\t\t\t\t\t<div class=\"elementor-container elementor-column-gap-default\">\n\t\t\t\t\t\t\t<div class=\"elementor-row\">\n\t\t\t\t\t<div class=\"elementor-column elementor-col-100 elementor-inner-column elementor-element elementor-element-ed3779b\" data-id=\"ed3779b\" data-element_type=\"column\">\n\t\t\t<div class=\"elementor-column-wrap elementor-element-populated\">\n\t\t\t\t\t\t\t<div class=\"elementor-widget-wrap\">\n\t\t\t\t\t\t<div class=\"elementor-element elementor-element-772e072 elementor-widget elementor-widget-heading\" data-id=\"772e072\" data-element_type=\"widget\" data-widget_type=\"heading.default\">\n\t\t\t\t<div class=\"elementor-widget-container\">\n\t\t\t<h2 class=\"elementor-heading-title elementor-size-default\">Sign up<\/h2>\t\t<\/div>\n\t\t\t\t<\/div>\n\t\t\t\t<div class=\"elementor-element elementor-element-83a5ea3 elementor-widget elementor-widget-heading\" data-id=\"83a5ea3\" data-element_type=\"widget\" data-widget_type=\"heading.default\">\n\t\t\t\t<div class=\"elementor-widget-container\">\n\t\t\t<h2 class=\"elementor-heading-title elementor-size-default\">Create your account for an uncompromised solar learning experience. Access professional skills, free courses, discussion groups, online tools and more. <\/h2>\t\t<\/div>\n\t\t\t\t<\/div>\n\t\t\t\t\t\t<\/div>\n\t\t\t\t\t<\/div>\n\t\t<\/div>\n\t\t\t\t\t\t\t\t<\/div>\n\t\t\t\t\t<\/div>\n\t\t<\/section>\n\t\t\t\t<section class=\"elementor-section elementor-inner-section elementor-element elementor-element-3641258 elementor-section-boxed elementor-section-height-default elementor-section-height-default\" data-id=\"3641258\" data-element_type=\"section\">\n\t\t\t\t\t\t<div class=\"elementor-container elementor-column-gap-default\">\n\t\t\t\t\t\t\t<div class=\"elementor-row\">\n\t\t\t\t\t<div class=\"elementor-column elementor-col-100 elementor-inner-column elementor-element elementor-element-c897c8f\" data-id=\"c897c8f\" data-element_type=\"column\">\n\t\t\t<div class=\"elementor-column-wrap elementor-element-populated\">\n\t\t\t\t\t\t\t<div class=\"elementor-widget-wrap\">\n\t\t\t\t\t\t<div class=\"elementor-element elementor-element-054e0df wpac-custom-form elementor-widget elementor-widget-shortcode\" data-id=\"054e0df\" data-element_type=\"widget\" data-widget_type=\"shortcode.default\">\n\t\t\t\t<div class=\"elementor-widget-container\">\n\t\t\t\t\t<div class=\"elementor-shortcode\"><div class=\"tml tml-register\">\n<div class=\"tml-alerts\"><\/div><form name=\"register\" action=\"https:\/\/reo.online\/a\/sign-up\/\" method=\"post\" novalidate=\"novalidate\" data-ajax=\"1\">\n<div class=\"tml-field-wrap tml-first_name-wrap\">\n<label class=\"tml-label\" for=\"first_name\">First Name<\/label>\n<input name=\"first_name\" type=\"text\" value=\"\" id=\"first_name\" class=\"tml-field\">\n<\/div>\n\n<div class=\"tml-field-wrap tml-last_name-wrap\">\n<label class=\"tml-label\" for=\"last_name\">Last Name<\/label>\n<input name=\"last_name\" type=\"text\" value=\"\" id=\"last_name\" class=\"tml-field\">\n<\/div>\n\n<input name=\"user_login\" type=\"hidden\" value=\"userfcd2179a6873ecdfe9e99da5dc814f02\" id=\"user_login\">\n\n<div class=\"tml-field-wrap tml-user_email-wrap\">\n<label class=\"tml-label\" for=\"user_email\">Email<\/label>\n<input name=\"user_email\" type=\"email\" value=\"\" id=\"user_email\" class=\"tml-field\">\n<\/div>\n\n<div class=\"tml-field-wrap tml-user_pass1-wrap\">\n<label class=\"tml-label\" for=\"pass1\">Password<\/label>\n<input name=\"user_pass1\" type=\"password\" value=\"\" id=\"pass1\" autocomplete=\"off\" class=\"tml-field\">\n<\/div>\n\n<div class=\"tml-field-wrap tml-user_pass2-wrap\">\n<label class=\"tml-label\" for=\"pass2\">Confirm Password<\/label>\n<input name=\"user_pass2\" type=\"password\" value=\"\" id=\"pass2\" autocomplete=\"off\" class=\"tml-field\">\n<\/div>\n\n<div class=\"tml-field-wrap tml-user_country-wrap\">\n<label class=\"tml-label\" for=\"country\">Country<\/label>\n<select name=\"user_country\" id=\"country\" class=\"tml-field\">\n<option value=\"\" selected=\"selected\">-Select-<\/option>\n<option value=\"AF\">Afghanistan<\/option>\n<option value=\"AL\">Albania<\/option>\n<option value=\"DZ\">Algeria<\/option>\n<option value=\"AS\">American Samoa<\/option>\n<option value=\"AD\">Andorra<\/option>\n<option value=\"AO\">Angola<\/option>\n<option value=\"AI\">Anguilla<\/option>\n<option value=\"AQ\">Antarctica<\/option>\n<option value=\"AG\">Antigua and Barbuda<\/option>\n<option value=\"AR\">Argentina<\/option>\n<option value=\"AM\">Armenia<\/option>\n<option value=\"AW\">Aruba<\/option>\n<option value=\"AU\">Australia<\/option>\n<option value=\"AT\">Austria<\/option>\n<option value=\"AZ\">Azerbaijan<\/option>\n<option value=\"BS\">Bahamas<\/option>\n<option value=\"BH\">Bahrain<\/option>\n<option value=\"BD\">Bangladesh<\/option>\n<option value=\"BB\">Barbados<\/option>\n<option value=\"BY\">Belarus<\/option>\n<option value=\"BE\">Belgium<\/option>\n<option value=\"BZ\">Belize<\/option>\n<option value=\"BJ\">Benin<\/option>\n<option value=\"BM\">Bermuda<\/option>\n<option value=\"BT\">Bhutan<\/option>\n<option value=\"BO\">Bolivia<\/option>\n<option value=\"BA\">Bosnia and Herzegovina<\/option>\n<option value=\"BW\">Botswana<\/option>\n<option value=\"BV\">Bouvet Island<\/option>\n<option value=\"BR\">Brazil<\/option>\n<option value=\"BQ\">British Antarctic Territory<\/option>\n<option value=\"IO\">British Indian Ocean Territory<\/option>\n<option value=\"VG\">British Virgin Islands<\/option>\n<option value=\"BN\">Brunei<\/option>\n<option value=\"BG\">Bulgaria<\/option>\n<option value=\"BF\">Burkina Faso<\/option>\n<option value=\"BI\">Burundi<\/option>\n<option value=\"KH\">Cambodia<\/option>\n<option value=\"CM\">Cameroon<\/option>\n<option value=\"CA\">Canada<\/option>\n<option value=\"CT\">Canton and Enderbury Islands<\/option>\n<option value=\"CV\">Cape Verde<\/option>\n<option value=\"KY\">Cayman Islands<\/option>\n<option value=\"CF\">Central African Republic<\/option>\n<option value=\"TD\">Chad<\/option>\n<option value=\"CL\">Chile<\/option>\n<option value=\"CN\">China<\/option>\n<option value=\"CX\">Christmas Island<\/option>\n<option value=\"CC\">Cocos [Keeling] Islands<\/option>\n<option value=\"CO\">Colombia<\/option>\n<option value=\"KM\">Comoros<\/option>\n<option value=\"CG\">Congo - Brazzaville<\/option>\n<option value=\"CD\">Congo - Kinshasa<\/option>\n<option value=\"CK\">Cook Islands<\/option>\n<option value=\"CR\">Costa Rica<\/option>\n<option value=\"HR\">Croatia<\/option>\n<option value=\"CU\">Cuba<\/option>\n<option value=\"CY\">Cyprus<\/option>\n<option value=\"CZ\">Czech Republic<\/option>\n<option value=\"CI\">C\u00f4te d\u2019Ivoire<\/option>\n<option value=\"DK\">Denmark<\/option>\n<option value=\"DJ\">Djibouti<\/option>\n<option value=\"DM\">Dominica<\/option>\n<option value=\"DO\">Dominican Republic<\/option>\n<option value=\"NQ\">Dronning Maud Land<\/option>\n<option value=\"DD\">East Germany<\/option>\n<option value=\"EC\">Ecuador<\/option>\n<option value=\"EG\">Egypt<\/option>\n<option value=\"SV\">El Salvador<\/option>\n<option value=\"GQ\">Equatorial Guinea<\/option>\n<option value=\"ER\">Eritrea<\/option>\n<option value=\"EE\">Estonia<\/option>\n<option value=\"ET\">Ethiopia<\/option>\n<option value=\"FK\">Falkland Islands<\/option>\n<option value=\"FO\">Faroe Islands<\/option>\n<option value=\"FJ\">Fiji<\/option>\n<option value=\"FI\">Finland<\/option>\n<option value=\"FR\">France<\/option>\n<option value=\"GF\">French Guiana<\/option>\n<option value=\"PF\">French Polynesia<\/option>\n<option value=\"TF\">French Southern Territories<\/option>\n<option value=\"FQ\">French Southern and Antarctic Territories<\/option>\n<option value=\"GA\">Gabon<\/option>\n<option value=\"GM\">Gambia<\/option>\n<option value=\"GE\">Georgia<\/option>\n<option value=\"DE\">Germany<\/option>\n<option value=\"GH\">Ghana<\/option>\n<option value=\"GI\">Gibraltar<\/option>\n<option value=\"GR\">Greece<\/option>\n<option value=\"GL\">Greenland<\/option>\n<option value=\"GD\">Grenada<\/option>\n<option value=\"GP\">Guadeloupe<\/option>\n<option value=\"GU\">Guam<\/option>\n<option value=\"GT\">Guatemala<\/option>\n<option value=\"GG\">Guernsey<\/option>\n<option value=\"GN\">Guinea<\/option>\n<option value=\"GW\">Guinea-Bissau<\/option>\n<option value=\"GY\">Guyana<\/option>\n<option value=\"HT\">Haiti<\/option>\n<option value=\"HM\">Heard Island and McDonald Islands<\/option>\n<option value=\"HN\">Honduras<\/option>\n<option value=\"HK\">Hong Kong SAR China<\/option>\n<option value=\"HU\">Hungary<\/option>\n<option value=\"IS\">Iceland<\/option>\n<option value=\"IN\">India<\/option>\n<option value=\"ID\">Indonesia<\/option>\n<option value=\"IR\">Iran<\/option>\n<option value=\"IQ\">Iraq<\/option>\n<option value=\"IE\">Ireland<\/option>\n<option value=\"IM\">Isle of Man<\/option>\n<option value=\"IL\">Israel<\/option>\n<option value=\"IT\">Italy<\/option>\n<option value=\"JM\">Jamaica<\/option>\n<option value=\"JP\">Japan<\/option>\n<option value=\"JE\">Jersey<\/option>\n<option value=\"JT\">Johnston Island<\/option>\n<option value=\"JO\">Jordan<\/option>\n<option value=\"KZ\">Kazakhstan<\/option>\n<option value=\"KE\">Kenya<\/option>\n<option value=\"KI\">Kiribati<\/option>\n<option value=\"KW\">Kuwait<\/option>\n<option value=\"KG\">Kyrgyzstan<\/option>\n<option value=\"LA\">Laos<\/option>\n<option value=\"LV\">Latvia<\/option>\n<option value=\"LB\">Lebanon<\/option>\n<option value=\"LS\">Lesotho<\/option>\n<option value=\"LR\">Liberia<\/option>\n<option value=\"LY\">Libya<\/option>\n<option value=\"LI\">Liechtenstein<\/option>\n<option value=\"LT\">Lithuania<\/option>\n<option value=\"LU\">Luxembourg<\/option>\n<option value=\"MO\">Macau SAR China<\/option>\n<option value=\"MK\">Macedonia<\/option>\n<option value=\"MG\">Madagascar<\/option>\n<option value=\"MW\">Malawi<\/option>\n<option value=\"MY\">Malaysia<\/option>\n<option value=\"MV\">Maldives<\/option>\n<option value=\"ML\">Mali<\/option>\n<option value=\"MT\">Malta<\/option>\n<option value=\"MH\">Marshall Islands<\/option>\n<option value=\"MQ\">Martinique<\/option>\n<option value=\"MR\">Mauritania<\/option>\n<option value=\"MU\">Mauritius<\/option>\n<option value=\"YT\">Mayotte<\/option>\n<option value=\"FX\">Metropolitan France<\/option>\n<option value=\"MX\">Mexico<\/option>\n<option value=\"FM\">Micronesia<\/option>\n<option value=\"MI\">Midway Islands<\/option>\n<option value=\"MD\">Moldova<\/option>\n<option value=\"MC\">Monaco<\/option>\n<option value=\"MN\">Mongolia<\/option>\n<option value=\"ME\">Montenegro<\/option>\n<option value=\"MS\">Montserrat<\/option>\n<option value=\"MA\">Morocco<\/option>\n<option value=\"MZ\">Mozambique<\/option>\n<option value=\"MM\">Myanmar [Burma]<\/option>\n<option value=\"NA\">Namibia<\/option>\n<option value=\"NR\">Nauru<\/option>\n<option value=\"NP\">Nepal<\/option>\n<option value=\"NL\">Netherlands<\/option>\n<option value=\"AN\">Netherlands Antilles<\/option>\n<option value=\"NT\">Neutral Zone<\/option>\n<option value=\"NC\">New Caledonia<\/option>\n<option value=\"NZ\">New Zealand<\/option>\n<option value=\"NI\">Nicaragua<\/option>\n<option value=\"NE\">Niger<\/option>\n<option value=\"NG\">Nigeria<\/option>\n<option value=\"NU\">Niue<\/option>\n<option value=\"NF\">Norfolk Island<\/option>\n<option value=\"KP\">North Korea<\/option>\n<option value=\"VD\">North Vietnam<\/option>\n<option value=\"MP\">Northern Mariana Islands<\/option>\n<option value=\"NO\">Norway<\/option>\n<option value=\"OM\">Oman<\/option>\n<option value=\"PC\">Pacific Islands Trust Territory<\/option>\n<option value=\"PK\">Pakistan<\/option>\n<option value=\"PW\">Palau<\/option>\n<option value=\"PS\">Palestinian Territories<\/option>\n<option value=\"PA\">Panama<\/option>\n<option value=\"PZ\">Panama Canal Zone<\/option>\n<option value=\"PG\">Papua New Guinea<\/option>\n<option value=\"PY\">Paraguay<\/option>\n<option value=\"YD\">People&#039;s Democratic Republic of Yemen<\/option>\n<option value=\"PE\">Peru<\/option>\n<option value=\"PH\">Philippines<\/option>\n<option value=\"PN\">Pitcairn Islands<\/option>\n<option value=\"PL\">Poland<\/option>\n<option value=\"PT\">Portugal<\/option>\n<option value=\"PR\">Puerto Rico<\/option>\n<option value=\"QA\">Qatar<\/option>\n<option value=\"RO\">Romania<\/option>\n<option value=\"RU\">Russia<\/option>\n<option value=\"RW\">Rwanda<\/option>\n<option value=\"RE\">R\u00e9union<\/option>\n<option value=\"BL\">Saint Barth\u00e9lemy<\/option>\n<option value=\"SH\">Saint Helena<\/option>\n<option value=\"KN\">Saint Kitts and Nevis<\/option>\n<option value=\"LC\">Saint Lucia<\/option>\n<option value=\"MF\">Saint Martin<\/option>\n<option value=\"PM\">Saint Pierre and Miquelon<\/option>\n<option value=\"VC\">Saint Vincent and the Grenadines<\/option>\n<option value=\"WS\">Samoa<\/option>\n<option value=\"SM\">San Marino<\/option>\n<option value=\"SA\">Saudi Arabia<\/option>\n<option value=\"SN\">Senegal<\/option>\n<option value=\"RS\">Serbia<\/option>\n<option value=\"CS\">Serbia and Montenegro<\/option>\n<option value=\"SC\">Seychelles<\/option>\n<option value=\"SL\">Sierra Leone<\/option>\n<option value=\"SG\">Singapore<\/option>\n<option value=\"SK\">Slovakia<\/option>\n<option value=\"SI\">Slovenia<\/option>\n<option value=\"SB\">Solomon Islands<\/option>\n<option value=\"SO\">Somalia<\/option>\n<option value=\"ZA\">South Africa<\/option>\n<option value=\"GS\">South Georgia and the South Sandwich Islands<\/option>\n<option value=\"KR\">South Korea<\/option>\n<option value=\"ES\">Spain<\/option>\n<option value=\"LK\">Sri Lanka<\/option>\n<option value=\"SD\">Sudan<\/option>\n<option value=\"SR\">Suriname<\/option>\n<option value=\"SJ\">Svalbard and Jan Mayen<\/option>\n<option value=\"SZ\">Swaziland<\/option>\n<option value=\"SE\">Sweden<\/option>\n<option value=\"CH\">Switzerland<\/option>\n<option value=\"SY\">Syria<\/option>\n<option value=\"ST\">S\u00e3o Tom\u00e9 and Pr\u00edncipe<\/option>\n<option value=\"TW\">Taiwan<\/option>\n<option value=\"TJ\">Tajikistan<\/option>\n<option value=\"TZ\">Tanzania<\/option>\n<option value=\"TH\">Thailand<\/option>\n<option value=\"TL\">Timor-Leste<\/option>\n<option value=\"TG\">Togo<\/option>\n<option value=\"TK\">Tokelau<\/option>\n<option value=\"TO\">Tonga<\/option>\n<option value=\"TT\">Trinidad and Tobago<\/option>\n<option value=\"TN\">Tunisia<\/option>\n<option value=\"TR\">Turkey<\/option>\n<option value=\"TM\">Turkmenistan<\/option>\n<option value=\"TC\">Turks and Caicos Islands<\/option>\n<option value=\"TV\">Tuvalu<\/option>\n<option value=\"UM\">U.S. Minor Outlying Islands<\/option>\n<option value=\"PU\">U.S. Miscellaneous Pacific Islands<\/option>\n<option value=\"VI\">U.S. Virgin Islands<\/option>\n<option value=\"UG\">Uganda<\/option>\n<option value=\"UA\">Ukraine<\/option>\n<option value=\"SU\">Union of Soviet Socialist Republics<\/option>\n<option value=\"AE\">United Arab Emirates<\/option>\n<option value=\"GB\">United Kingdom<\/option>\n<option value=\"US\">United States<\/option>\n<option value=\"ZZ\">Unknown or Invalid Region<\/option>\n<option value=\"UY\">Uruguay<\/option>\n<option value=\"UZ\">Uzbekistan<\/option>\n<option value=\"VU\">Vanuatu<\/option>\n<option value=\"VA\">Vatican City<\/option>\n<option value=\"VE\">Venezuela<\/option>\n<option value=\"VN\">Vietnam<\/option>\n<option value=\"WK\">Wake Island<\/option>\n<option value=\"WF\">Wallis and Futuna<\/option>\n<option value=\"EH\">Western Sahara<\/option>\n<option value=\"YE\">Yemen<\/option>\n<option value=\"ZM\">Zambia<\/option>\n<option value=\"ZW\">Zimbabwe<\/option>\n<option value=\"AX\">\u00c5land Islands<\/option>\n<\/select>\n<\/div>\n\n<div class=\"tml-field-wrap tml-indicator-wrap\">\n<div id=\"pass-strength-result\" class=\"hide-if-no-js\" aria-live=\"polite\">Strength indicator<\/div><\/div>\n\n<div class=\"tml-field-wrap tml-indicator_hint-wrap\">\n<p class=\"description indicator-hint\">Hint: The password should be at least twelve characters long. To make it stronger, use upper and lower case letters, numbers, and symbols like ! \" ? $ % ^ &amp; ).<\/p><\/div>\n\n\n<div class=\"tml-field-wrap tml-submit-wrap\">\n<button name=\"submit\" type=\"submit\" class=\"tml-button\">Register<\/button>\n<\/div>\n\n<input name=\"redirect_to\" type=\"hidden\" value=\"https:\/\/reo.online\/a\/dashboard\">\n\n<\/form>\n<ul class=\"tml-links\"><li class=\"tml-login-link\"><a href=\"https:\/\/reo.online\/a\/login\/\">Log in<\/a><\/li><li class=\"tml-lostpassword-link\"><a href=\"https:\/\/reo.online\/a\/forgot-my-password\/\">Lost your password?<\/a><\/li><\/ul><\/div>\n<\/div>\n\t\t\t\t<\/div>\n\t\t\t\t<\/div>\n\t\t\t\t<div class=\"elementor-element elementor-element-d941d82 elementor-widget__width-initial elementor-icon-list--layout-traditional elementor-list-item-link-full_width elementor-widget elementor-widget-icon-list\" data-id=\"d941d82\" data-element_type=\"widget\" data-widget_type=\"icon-list.default\">\n\t\t\t\t<div class=\"elementor-widget-container\">\n\t\t\t\t\t<ul class=\"elementor-icon-list-items\">\n\t\t\t\t\t\t\t<li class=\"elementor-icon-list-item\">\n\t\t\t\t\t\t\t\t\t\t\t<a href=\"http:\/\/reo.online\/support\">\n\n\t\t\t\t\t\t\t\t\t\t\t\t<span class=\"elementor-icon-list-icon\">\n\t\t\t\t\t\t\t<i aria-hidden=\"true\" class=\"fas fa-user-plus\"><\/i>\t\t\t\t\t\t<\/span>\n\t\t\t\t\t\t\t\t\t\t<span class=\"elementor-icon-list-text\">Having trouble? <span style=\"color:#3C37FF;\">Contact support<\/span><\/span>\n\t\t\t\t\t\t\t\t\t\t\t<\/a>\n\t\t\t\t\t\t\t\t\t<\/li>\n\t\t\t\t\t\t<\/ul>\n\t\t\t\t<\/div>\n\t\t\t\t<\/div>\n\t\t\t\t<div class=\"elementor-element elementor-element-54f61f1 elementor-align-right elementor-widget__width-initial elementor-icon-list--layout-traditional elementor-list-item-link-full_width elementor-widget elementor-widget-icon-list\" data-id=\"54f61f1\" data-element_type=\"widget\" data-widget_type=\"icon-list.default\">\n\t\t\t\t<div class=\"elementor-widget-container\">\n\t\t\t\t\t<ul class=\"elementor-icon-list-items\">\n\t\t\t\t\t\t\t<li class=\"elementor-icon-list-item\">\n\t\t\t\t\t\t\t\t\t\t\t<a href=\"https:\/\/reo.online\/a\/login\/\">\n\n\t\t\t\t\t\t\t\t\t\t\t<span class=\"elementor-icon-list-text\"><u>Back to Login<\/u><\/span>\n\t\t\t\t\t\t\t\t\t\t\t<\/a>\n\t\t\t\t\t\t\t\t\t<\/li>\n\t\t\t\t\t\t<\/ul>\n\t\t\t\t<\/div>\n\t\t\t\t<\/div>\n\t\t\t\t\t\t<\/div>\n\t\t\t\t\t<\/div>\n\t\t<\/div>\n\t\t\t\t\t\t\t\t<\/div>\n\t\t\t\t\t<\/div>\n\t\t<\/section>\n\t\t\t\t\t\t<\/div>\n\t\t\t\t\t<\/div>\n\t\t<\/div>\n\t\t\t\t\t\t\t\t<\/div>\n\t\t\t\t\t<\/div>\n\t\t<\/section>\n\t\t\t\t\t\t\t\t\t<\/div>\n\t\t\t<\/div>\n\t\t\t\t\t<\/div>\n\t\t","protected":false},"excerpt":{"rendered":"<p>Let&#8217;s get you started Access world-class solar training anytime and from any city in the world.\u200b Sign up Create your account for an uncompromised solar&hellip;<\/p>\n","protected":false},"author":1,"featured_media":0,"parent":0,"menu_order":0,"comment_status":"closed","ping_status":"closed","template":"elementor_canvas","meta":{"footnotes":""},"class_list":["post-19417","page","type-page","status-publish","hentry"],"_links":{"self":[{"href":"https:\/\/reo.online\/a\/wp-json\/wp\/v2\/pages\/19417","targetHints":{"allow":["GET"]}}],"collection":[{"href":"https:\/\/reo.online\/a\/wp-json\/wp\/v2\/pages"}],"about":[{"href":"https:\/\/reo.online\/a\/wp-json\/wp\/v2\/types\/page"}],"author":[{"embeddable":true,"href":"https:\/\/reo.online\/a\/wp-json\/wp\/v2\/users\/1"}],"replies":[{"embeddable":true,"href":"https:\/\/reo.online\/a\/wp-json\/wp\/v2\/comments?post=19417"}],"version-history":[{"count":107,"href":"https:\/\/reo.online\/a\/wp-json\/wp\/v2\/pages\/19417\/revisions"}],"predecessor-version":[{"id":48540,"href":"https:\/\/reo.online\/a\/wp-json\/wp\/v2\/pages\/19417\/revisions\/48540"}],"wp:attachment":[{"href":"https:\/\/reo.online\/a\/wp-json\/wp\/v2\/media?parent=19417"}],"curies":[{"name":"wp","href":"https:\/\/api.w.org\/{rel}","templated":true}]}}